{"id":2314,"date":"2025-05-17T11:24:48","date_gmt":"2025-05-17T11:24:48","guid":{"rendered":"https:\/\/diretonaferrugem.com.br\/loja\/?post_type=product&#038;p=2314"},"modified":"2025-05-27T17:14:26","modified_gmt":"2025-05-27T17:14:26","slug":"tinta-direto-na-ferrugem-preto-chassis-sb-brilhante","status":"publish","type":"product","link":"https:\/\/diretonaferrugem.com.br\/loja\/produto\/tinta-direto-na-ferrugem-preto-chassis-sb-brilhante\/","title":{"rendered":"TINTA DIRETO NA FERRUGEM | PRETO CHASSIS SB &#8211; SEMI BRILHO"},"content":{"rendered":"<p>O Esmalte Sint\u00e9tico Direto na Ferrugem CHASSIS SB \u00e9 um esmalte fundo e acabamento, que dispensa a aplica\u00e7\u00e3o pr\u00e9via de fundo anticorrosivo, permitindo a aplica\u00e7\u00e3o do esmalte diretamente sobre superf\u00edcies ferrosas, nuas, isentas de ferrugem ou j\u00e1 enferrujadas.<\/p>\n<p>Sua nova f\u00f3rmula \u201cDupla Tecnologia\u201d \u00e9 dotada de Alta Repel\u00eancia \u00e0 \u00c1gua e A\u00e7\u00e3o Anticorrosiva, interrompendo e prevenindo o processo de corros\u00e3o e desenvolvimento da ferrugem.<\/p>\n<p>F\u00e1cil de aplicar, oferece elevado padr\u00e3o de acabamento e cobertura, al\u00e9m de secagem r\u00e1pida.<\/p>\n<p>10 anos de durabilidade.<\/p>\n<p>Dispon\u00edvel em cores lisas e met\u00e1licas.<\/p>\n<p>Observa\u00e7\u00e3o: Sugerimos que nas cores Metalizadas ap\u00f3s 30 a 40 minutos de cura, seja aplicado o VERNIZ PU 1500 ou 2500 para obten\u00e7\u00e3o de um perfeito brilho e maior durabilidade na pintura.<\/p>\n<p>PRINCIPAIS CARACTER\u00cdSTICAS<\/p>\n<p>\u2022 Interior e Exterior;<\/p>\n<p>\u2022 Alta Repel\u00eancia a \u00e1gua e A\u00e7\u00e3o Anticorrosiva;<\/p>\n<p>\u2022 Elevado padr\u00e3o de cobertura;<\/p>\n<p>\u2022 Interrompe e previne o processo de corros\u00e3o e desenvolvimento da ferrugem;<\/p>\n<p>\u2022 10 anos de durabilidade;<\/p>\n<p>\u2022 Cores Lisas e Met\u00e1licas;<\/p>\n<p>\u2022 Secagem R\u00e1pida;<\/p>\n<p>\u2022 Hidrorrepelente.<\/p>\n<p>EMBALAGEM E RENDIMENTO<\/p>\n<p>\u2022 Lata 900ml at\u00e9 9m\u00b2 (por dem\u00e3o);<\/p>\n<p>\u2022 Gal\u00e3o 3,6 Litros at\u00e9 36m\u00b2 (por dem\u00e3o).<\/p>\n<p>SECAGEM<\/p>\n<p>Ao toque 1 Hora<\/p>\n<p>Entre dem\u00e3os 4 e 6 Horas<\/p>\n<p>Final 72 Horas<\/p>\n<p>DILUI\u00c7\u00c3O<\/p>\n<p>\u2022 Para aplica\u00e7\u00e3o com pincel ou trincha pronto para uso.<\/p>\n<p>\u2022 Rolo de l\u00e3 ou espuma dilua de 5 a 10%.<\/p>\n<p>\u2022 Para aplica\u00e7\u00e3o com pistola (Spray) dilua de 15 a 20%. Diluir com Thinner SM 800<\/p>\n<p>\u2022 Ferramentas para aplica\u00e7\u00e3o: Rolo de l\u00e3 de pelo baixo, Trincha, Pincel ou Pistola (press\u00e3o de 30 a 40 lb\/pol2).<\/p>\n<p>Ap\u00f3s o uso limpe as ferramentas com Thinner SM 116.<\/p>\n<p>\u2022 Prepara\u00e7\u00e3o da Superf\u00edcie:<\/p>\n<p>Lixar a \u00e1rea danificada, eliminando todas as partes soltas. Eliminar contaminantes oleosos, p\u00f3 ou outras impurezas com solu\u00e7\u00e3o desengraxante. Caso necess\u00e1rio corrigir os defeitos de nivelamento com Adesivo Poli\u00e9ster, em camadas cruzadas e finas. Lixar ap\u00f3s secagem completa.<\/p>\n","protected":false},"excerpt":{"rendered":"<p>O Esmalte Sint\u00e9tico Direto na Ferrugem CHASSIS SB \u00e9 um esmalte fundo e acabamento, que dispensa a aplica\u00e7\u00e3o pr\u00e9via de fundo anticorrosivo, permitindo a aplica\u00e7\u00e3o do esmalte diretamente sobre superf\u00edcies ferrosas, nuas, isentas de ferrugem ou j\u00e1 enferrujadas. Sua nova f\u00f3rmula \u201cDupla Tecnologia\u201d \u00e9 dotada de Alta Repel\u00eancia \u00e0 \u00c1gua e A\u00e7\u00e3o Anticorrosiva, interrompendo e prevenindo o processo de corros\u00e3o e desenvolvimento da ferrugem. F\u00e1cil de aplicar, oferece elevado padr\u00e3o de acabamento e cobertura, al\u00e9m de secagem r\u00e1pida. 10 anos de durabilidade. Dispon\u00edvel em cores lisas e met\u00e1licas. Observa\u00e7\u00e3o: Sugerimos que nas cores Metalizadas ap\u00f3s 30 a 40 minutos de cura, seja aplicado o VERNIZ PU 1500 ou 2500 para obten\u00e7\u00e3o de um perfeito brilho e maior durabilidade na pintura. PRINCIPAIS CARACTER\u00cdSTICAS \u2022 Interior e Exterior; \u2022 Alta Repel\u00eancia a \u00e1gua e A\u00e7\u00e3o Anticorrosiva; \u2022 Elevado padr\u00e3o de cobertura; \u2022 Interrompe e previne o processo de corros\u00e3o e desenvolvimento da ferrugem; \u2022 10 anos de durabilidade; \u2022 Cores Lisas e Met\u00e1licas; \u2022 Secagem R\u00e1pida; \u2022 Hidrorrepelente. EMBALAGEM E RENDIMENTO \u2022 Lata 900ml at\u00e9 9m\u00b2 (por dem\u00e3o); \u2022 Gal\u00e3o 3,6 Litros at\u00e9 36m\u00b2 (por dem\u00e3o). SECAGEM Ao toque 1 Hora Entre dem\u00e3os 4 e 6 Horas Final 72 Horas DILUI\u00c7\u00c3O \u2022 Para aplica\u00e7\u00e3o com pincel ou trincha pronto para uso. \u2022 Rolo de l\u00e3 ou espuma dilua de 5 a 10%. \u2022 Para aplica\u00e7\u00e3o com pistola (Spray) dilua de 15 a 20%. Diluir com Thinner SM 800 \u2022 Ferramentas para aplica\u00e7\u00e3o: Rolo de l\u00e3 de pelo baixo, Trincha, Pincel ou Pistola (press\u00e3o de 30 a 40 lb\/pol2). Ap\u00f3s o uso limpe as ferramentas com Thinner SM 116. \u2022 Prepara\u00e7\u00e3o da Superf\u00edcie: Lixar a \u00e1rea danificada, eliminando todas as partes soltas. Eliminar contaminantes oleosos, p\u00f3 ou outras impurezas com solu\u00e7\u00e3o desengraxante. Caso necess\u00e1rio corrigir os defeitos de nivelamento com Adesivo Poli\u00e9ster, em camadas cruzadas e finas. Lixar ap\u00f3s secagem completa.<\/p>\n","protected":false},"featured_media":2384,"comment_status":"open","ping_status":"closed","template":"","meta":{"_joinchat":[]},"product_brand":[],"product_cat":[78,120],"product_tag":[],"class_list":{"0":"post-2314","1":"product","2":"type-product","3":"status-publish","4":"has-post-thumbnail","6":"product_cat-brilhantes-36-litros","7":"product_cat-chassis","9":"first","10":"instock","11":"sale","12":"shipping-taxable","13":"purchasable","14":"product-type-simple"},"_links":{"self":[{"href":"https:\/\/diretonaferrugem.com.br\/loja\/wp-json\/wp\/v2\/product\/2314","targetHints":{"allow":["GET"]}}],"collection":[{"href":"https:\/\/diretonaferrugem.com.br\/loja\/wp-json\/wp\/v2\/product"}],"about":[{"href":"https:\/\/diretonaferrugem.com.br\/loja\/wp-json\/wp\/v2\/types\/product"}],"replies":[{"embeddable":true,"href":"https:\/\/diretonaferrugem.com.br\/loja\/wp-json\/wp\/v2\/comments?post=2314"}],"wp:featuredmedia":[{"embeddable":true,"href":"https:\/\/diretonaferrugem.com.br\/loja\/wp-json\/wp\/v2\/media\/2384"}],"wp:attachment":[{"href":"https:\/\/diretonaferrugem.com.br\/loja\/wp-json\/wp\/v2\/media?parent=2314"}],"wp:term":[{"taxonomy":"product_brand","embeddable":true,"href":"https:\/\/diretonaferrugem.com.br\/loja\/wp-json\/wp\/v2\/product_brand?post=2314"},{"taxonomy":"product_cat","embeddable":true,"href":"https:\/\/diretonaferrugem.com.br\/loja\/wp-json\/wp\/v2\/product_cat?post=2314"},{"taxonomy":"product_tag","embeddable":true,"href":"https:\/\/diretonaferrugem.com.br\/loja\/wp-json\/wp\/v2\/product_tag?post=2314"}],"curies":[{"name":"wp","href":"https:\/\/api.w.org\/{rel}","templated":true}]}}