{"id":2326,"date":"2025-05-17T11:24:49","date_gmt":"2025-05-17T11:24:49","guid":{"rendered":"https:\/\/diretonaferrugem.com.br\/loja\/?post_type=product&#038;p=2326"},"modified":"2025-05-22T23:28:38","modified_gmt":"2025-05-22T23:28:38","slug":"kit-de-pintura-basico-kit-de-4-pecas","status":"publish","type":"product","link":"https:\/\/diretonaferrugem.com.br\/loja\/produto\/kit-de-pintura-basico-kit-de-4-pecas\/","title":{"rendered":"KIT DE PINTURA B\u00c1SICO &#8211; Kit de 4 pe\u00e7as"},"content":{"rendered":"<p>CONTE\u00daDO<br \/>\n<img fetchpriority=\"high\" decoding=\"async\" class=\"alignnone size-medium wp-image-3976\" src=\"https:\/\/diretonaferrugem.com.br\/wp-content\/uploads\/2025\/04\/PINCEL-24CM-298x300.jpg\" alt=\"\" width=\"298\" height=\"300\" \/><\/p>\n<p><strong>Pincel Trincha 25,4mm | 1\u2019\u2019 &#8211; Marca Roma<br \/>\n<\/strong><br \/>\n<strong>Caracter\u00edsticas T\u00e9cnicas:<\/strong><\/p>\n<ul>\n<li>Trinchas m\u00e9dias com cerdas sint\u00e9ticas selecionadas.<\/li>\n<li>Cabo pl\u00e1stico.<\/li>\n<li>Fabricada pelo sistema monobloco.<\/li>\n<li>Indicada para aplica\u00e7\u00e3o de tintas e vernizes.<\/li>\n<\/ul>\n<p><strong>Caracter\u00edsticas Gerais:<br \/>\nFabricante: <\/strong>Marca Pinc\u00e9is Roma<br \/>\nModelo 303 2<br \/>\nCor: Laranja<br \/>\nTamanho:\u00a0 1\u201d &#8211; 25,4mm<br \/>\n<strong><br \/>\n<img decoding=\"async\" class=\"alignnone size-medium wp-image-3975\" src=\"https:\/\/diretonaferrugem.com.br\/wp-content\/uploads\/2025\/04\/PINCEL-5CM-298x300.jpg\" alt=\"\" width=\"298\" height=\"300\" \/><br \/>\n<\/strong><\/p>\n<p>&nbsp;<\/p>\n<p><strong>Pincel Trincha 50,8mm | 2\u2019\u2019 &#8211; Marca Roma<\/strong><\/p>\n<p><strong>Caracter\u00edsticas T\u00e9cnicas:<\/strong><\/p>\n<ul>\n<li>Trinchas m\u00e9dias com cerdas sint\u00e9ticas selecionadas.<\/li>\n<li>Cabo pl\u00e1stico.<\/li>\n<li>Fabricada pelo sistema monobloco.<\/li>\n<li>Indicada para aplica\u00e7\u00e3o de tintas e vernizes.<\/li>\n<\/ul>\n<p><strong>Caracter\u00edsticas Gerais:<br \/>\nFabricante: <\/strong>Marca Pinc\u00e9is Roma<br \/>\nModelo 303 4<br \/>\nCor: Laranja<br \/>\nTamanho:\u00a0 2\u201d &#8211; 50,8mm<\/p>\n<p>&nbsp;<\/p>\n<p><img decoding=\"async\" class=\"alignnone size-medium wp-image-3977\" src=\"https:\/\/diretonaferrugem.com.br\/wp-content\/uploads\/2025\/04\/BANDEJA-298x300.jpg\" alt=\"\" width=\"298\" height=\"300\" \/><\/p>\n<p><strong>Bandeja para Pintura cor Preta | 1,3 L |<br \/>\npara Rolos de 15 cm<\/strong><strong>\u00a0<\/strong><\/p>\n<ul>\n<li>Descri\u00e7\u00e3o:<\/li>\n<\/ul>\n<p>\u00c9 um produto pl\u00e1stico preto que possui capacidade 1,3 litros \u00e9 produto pr\u00e1tico para organiza\u00e7\u00e3o no acabamento da obra e reforma, ideal para uso com pinc\u00e9is de 1\/2 a 3 e mini rolos de 5, 9, 10 e 15cm. Produto leve, resistente, de f\u00e1cil manuseio e facilitar\u00e1 o processo de pintura.<strong>\u00a0<\/strong><\/p>\n<ul>\n<li>Especifica\u00e7\u00f5es:<strong>\u00a0<\/strong><\/li>\n<\/ul>\n<p>&#8211; Marca: Akrosul<\/p>\n<p>&#8211; Ref.: 1515<\/p>\n<p>&#8211; Capacidade: 1,3 litros<br \/>\n&#8211; Medidas aproximadas: 25 cm x 19 cm x 5 cm<\/p>\n<p>&nbsp;<\/p>\n<p><img loading=\"lazy\" decoding=\"async\" class=\"alignnone size-medium wp-image-3974\" src=\"https:\/\/diretonaferrugem.com.br\/wp-content\/uploads\/2025\/04\/ROLO-9CM-298x300.jpg\" alt=\"\" width=\"298\" height=\"300\" \/><\/p>\n<p>&nbsp;<\/p>\n<p><strong>Rolo De Espuma Poli\u00e9ster\u00a0 para Pintura | 9cm &#8211; Tintas<br \/>\nR$ 6,60<\/strong><\/p>\n<p><strong>Caracter\u00edsticas T\u00e9cnicas:<\/strong><\/p>\n<ul>\n<li>Rolos de espuma 100% poli\u00e9ster<\/li>\n<li>Cabo pl\u00e1stico.<\/li>\n<li>Densidade 30 (kg\/m\u00b3)<\/li>\n<li>Indicada para aplica\u00e7\u00e3o de tintas e vernizes.<\/li>\n<li>Excelente absor\u00e7\u00e3o de tinta<\/li>\n<\/ul>\n<p><strong>Caracter\u00edsticas Gerais:<br \/>\nFabricante: <\/strong>Marca Roma<br \/>\nModelo 430 09<br \/>\nCor: vermelho (cabo)<br \/>\nCinza (espuma)<br \/>\nTamanho: 9 cm<\/p>\n","protected":false},"excerpt":{"rendered":"<p>CONTE\u00daDO Pincel Trincha 25,4mm | 1\u2019\u2019 &#8211; Marca Roma Caracter\u00edsticas T\u00e9cnicas: Trinchas m\u00e9dias com cerdas sint\u00e9ticas selecionadas. Cabo pl\u00e1stico. Fabricada pelo sistema monobloco. Indicada para aplica\u00e7\u00e3o de tintas e vernizes. Caracter\u00edsticas Gerais: Fabricante: Marca Pinc\u00e9is Roma Modelo 303 2 Cor: Laranja Tamanho:\u00a0 1\u201d &#8211; 25,4mm &nbsp; Pincel Trincha 50,8mm | 2\u2019\u2019 &#8211; Marca Roma Caracter\u00edsticas T\u00e9cnicas: Trinchas m\u00e9dias com cerdas sint\u00e9ticas selecionadas. Cabo pl\u00e1stico. Fabricada pelo sistema monobloco. Indicada para aplica\u00e7\u00e3o de tintas e vernizes. Caracter\u00edsticas Gerais: Fabricante: Marca Pinc\u00e9is Roma Modelo 303 4 Cor: Laranja Tamanho:\u00a0 2\u201d &#8211; 50,8mm &nbsp; Bandeja para Pintura cor Preta | 1,3 L | para Rolos de 15 cm\u00a0 Descri\u00e7\u00e3o: \u00c9 um produto pl\u00e1stico preto que possui capacidade 1,3 litros \u00e9 produto pr\u00e1tico para organiza\u00e7\u00e3o no acabamento da obra e reforma, ideal para uso com pinc\u00e9is de 1\/2 a 3 e mini rolos de 5, 9, 10 e 15cm. Produto leve, resistente, de f\u00e1cil manuseio e facilitar\u00e1 o processo de pintura.\u00a0 Especifica\u00e7\u00f5es:\u00a0 &#8211; Marca: Akrosul &#8211; Ref.: 1515 &#8211; Capacidade: 1,3 litros &#8211; Medidas aproximadas: 25 cm x 19 cm x 5 cm &nbsp; &nbsp; Rolo De Espuma Poli\u00e9ster\u00a0 para Pintura | 9cm &#8211; Tintas R$ 6,60 Caracter\u00edsticas T\u00e9cnicas: Rolos de espuma 100% poli\u00e9ster Cabo pl\u00e1stico. Densidade 30 (kg\/m\u00b3) Indicada para aplica\u00e7\u00e3o de tintas e vernizes. Excelente absor\u00e7\u00e3o de tinta Caracter\u00edsticas Gerais: Fabricante: Marca Roma Modelo 430 09 Cor: vermelho (cabo) Cinza (espuma) Tamanho: 9 cm<\/p>\n","protected":false},"featured_media":2335,"comment_status":"open","ping_status":"closed","template":"","meta":{"_joinchat":[]},"product_brand":[],"product_cat":[160],"product_tag":[],"class_list":{"0":"post-2326","1":"product","2":"type-product","3":"status-publish","4":"has-post-thumbnail","6":"product_cat-equipamentos","8":"first","9":"instock","10":"shipping-taxable","11":"purchasable","12":"product-type-simple"},"_links":{"self":[{"href":"https:\/\/diretonaferrugem.com.br\/loja\/wp-json\/wp\/v2\/product\/2326","targetHints":{"allow":["GET"]}}],"collection":[{"href":"https:\/\/diretonaferrugem.com.br\/loja\/wp-json\/wp\/v2\/product"}],"about":[{"href":"https:\/\/diretonaferrugem.com.br\/loja\/wp-json\/wp\/v2\/types\/product"}],"replies":[{"embeddable":true,"href":"https:\/\/diretonaferrugem.com.br\/loja\/wp-json\/wp\/v2\/comments?post=2326"}],"wp:featuredmedia":[{"embeddable":true,"href":"https:\/\/diretonaferrugem.com.br\/loja\/wp-json\/wp\/v2\/media\/2335"}],"wp:attachment":[{"href":"https:\/\/diretonaferrugem.com.br\/loja\/wp-json\/wp\/v2\/media?parent=2326"}],"wp:term":[{"taxonomy":"product_brand","embeddable":true,"href":"https:\/\/diretonaferrugem.com.br\/loja\/wp-json\/wp\/v2\/product_brand?post=2326"},{"taxonomy":"product_cat","embeddable":true,"href":"https:\/\/diretonaferrugem.com.br\/loja\/wp-json\/wp\/v2\/product_cat?post=2326"},{"taxonomy":"product_tag","embeddable":true,"href":"https:\/\/diretonaferrugem.com.br\/loja\/wp-json\/wp\/v2\/product_tag?post=2326"}],"curies":[{"name":"wp","href":"https:\/\/api.w.org\/{rel}","templated":true}]}}