{"id":2340,"date":"2025-05-17T11:24:51","date_gmt":"2025-05-17T11:24:51","guid":{"rendered":"https:\/\/diretonaferrugem.com.br\/loja\/?post_type=product&#038;p=2340"},"modified":"2025-05-29T01:18:24","modified_gmt":"2025-05-29T01:18:24","slug":"kit-de-pintura-premium-kit-de-7-pecas","status":"publish","type":"product","link":"https:\/\/diretonaferrugem.com.br\/loja\/produto\/kit-de-pintura-premium-kit-de-7-pecas\/","title":{"rendered":"KIT DE PINTURA PREMIUM &#8211; Kit de 7 pe\u00e7as"},"content":{"rendered":"<p>CONTE\u00daDO<\/p>\n<p><img fetchpriority=\"high\" decoding=\"async\" class=\"alignnone size-medium wp-image-3988\" src=\"https:\/\/diretonaferrugem.com.br\/wp-content\/uploads\/2025\/04\/PINCEL-24CM-1-298x300.jpg\" alt=\"\" width=\"298\" height=\"300\" \/><\/p>\n<p><strong>Pincel Trincha 25,4mm | 1\u2019\u2019 &#8211; Marca Roma<\/strong><\/p>\n<p><strong>Caracter\u00edsticas T\u00e9cnicas:<\/strong><\/p>\n<ul>\n<li>Trinchas m\u00e9dias com cerdas sint\u00e9ticas selecionadas.<\/li>\n<li>Cabo pl\u00e1stico.<\/li>\n<li>Fabricada pelo sistema monobloco.<\/li>\n<li>Indicada para aplica\u00e7\u00e3o de tintas e vernizes.<\/li>\n<\/ul>\n<p><strong>Caracter\u00edsticas Gerais:<br \/>\nFabricante: <\/strong>Marca Pinc\u00e9is Roma<br \/>\nModelo 303 2<br \/>\nCor: Laranja<br \/>\nTamanho:\u00a0 1\u201d &#8211; 25,4mm<\/p>\n<p>&nbsp;<\/p>\n<p><img decoding=\"async\" class=\"alignnone size-medium wp-image-3987\" src=\"https:\/\/diretonaferrugem.com.br\/wp-content\/uploads\/2025\/04\/PINCEL-5CM-1-298x300.jpg\" alt=\"\" width=\"298\" height=\"300\" \/><\/p>\n<p><strong>Pincel Trincha 50,8mm | 2\u2019\u2019 &#8211; Marca Roma<\/strong><\/p>\n<p><strong>Caracter\u00edsticas T\u00e9cnicas:<\/strong><\/p>\n<ul>\n<li>Trinchas m\u00e9dias com cerdas sint\u00e9ticas selecionadas.<\/li>\n<li>Cabo pl\u00e1stico.<\/li>\n<li>Fabricada pelo sistema monobloco.<\/li>\n<li>Indicada para aplica\u00e7\u00e3o de tintas e vernizes.<\/li>\n<\/ul>\n<p><strong>Caracter\u00edsticas Gerais:<br \/>\nFabricante: <\/strong>Marca Pinc\u00e9is Roma<br \/>\nModelo 303 4<br \/>\nCor: Laranja Tamanho:\u00a0 2\u201d &#8211; 50,8mm<\/p>\n<p>&nbsp;<\/p>\n<p><img decoding=\"async\" class=\"alignnone size-medium wp-image-3992\" src=\"https:\/\/diretonaferrugem.com.br\/wp-content\/uploads\/2025\/04\/BANDEJA-1-298x300.jpg\" alt=\"\" width=\"298\" height=\"300\" \/><\/p>\n<p><strong>Bandeja para Pintura cor Preta | 1,3 L |<br \/>\npara Rolos de 15 cm<\/strong><\/p>\n<ul>\n<li>Descri\u00e7\u00e3o:<\/li>\n<\/ul>\n<p>\u00c9 um produto pl\u00e1stico preto que possui capacidade 1,3 litros \u00e9 produto pr\u00e1tico para organiza\u00e7\u00e3o no acabamento da obra e reforma, ideal para uso com pinc\u00e9is de 1\/2 a 3 e mini rolos de 5, 9, 10 e 15cm. Produto leve, resistente, de f\u00e1cil manuseio e facilitar\u00e1 o processo de pintura.<\/p>\n<ul>\n<li>Especifica\u00e7\u00f5es:<\/li>\n<\/ul>\n<p>&#8211; Marca: Akrosul<\/p>\n<p>&#8211; Ref.: 1515<\/p>\n<p>&#8211; Capacidade: 1,3 litros<br \/>\n&#8211; Medidas aproximadas: 25 cm x 19 cm x 5 cm<\/p>\n<p><img loading=\"lazy\" decoding=\"async\" class=\"alignnone size-medium wp-image-3986\" src=\"https:\/\/diretonaferrugem.com.br\/wp-content\/uploads\/2025\/04\/ROLO-9CM-1-298x300.jpg\" alt=\"\" width=\"298\" height=\"300\" \/><\/p>\n<p><strong>Rolo De Espuma Poli\u00e9ster\u00a0 para Pintura | 9cm &#8211; Tintas<\/strong><\/p>\n<p><strong>Caracter\u00edsticas T\u00e9cnicas:<\/strong><\/p>\n<ul>\n<li>Rolos de espuma 100% poli\u00e9ster<\/li>\n<li>Cabo pl\u00e1stico.<\/li>\n<li>Densidade 30 (kg\/m\u00b3)<\/li>\n<li>Indicada para aplica\u00e7\u00e3o de tintas e vernizes.<\/li>\n<li>Excelente absor\u00e7\u00e3o de tinta<\/li>\n<\/ul>\n<p><strong>Caracter\u00edsticas Gerais:<br \/>\nFabricante: <\/strong>Marca Roma<br \/>\nModelo 430 09<br \/>\nCor: vermelho (cabo)<br \/>\ncinza (espuma)<br \/>\nTamanho: 9 cm<\/p>\n<p>&nbsp;<\/p>\n<p><img loading=\"lazy\" decoding=\"async\" class=\"alignnone size-medium wp-image-3985\" src=\"https:\/\/diretonaferrugem.com.br\/wp-content\/uploads\/2025\/04\/ROLO-15CM-298x300.jpg\" alt=\"\" width=\"298\" height=\"300\" \/><\/p>\n<p><strong>Rolo De Espuma Poli\u00e9ster\u00a0 para Pintura | 15cm &#8211; Tintas<\/strong><\/p>\n<p><strong>Caracter\u00edsticas T\u00e9cnicas:<\/strong><\/p>\n<ul>\n<li>Rolos de espuma 100% poli\u00e9ster<\/li>\n<li>Cabo pl\u00e1stico<\/li>\n<li>Densidade 30 (kg\/m\u00b3)<\/li>\n<li>Indicada para aplica\u00e7\u00e3o de tintas e vernizes<\/li>\n<li>Excelente absor\u00e7\u00e3o da tinta<\/li>\n<\/ul>\n<p><strong>Caracter\u00edsticas Gerais:<br \/>\nFabricante: <\/strong>Marca Roma<br \/>\nModelo 430 15<br \/>\nCor: vermelho (cabo)<br \/>\ncinza (espuma)<br \/>\nTamanho: 15 cm<\/p>\n<p>&nbsp;<\/p>\n<p><img loading=\"lazy\" decoding=\"async\" class=\"alignnone size-medium wp-image-3991\" src=\"https:\/\/diretonaferrugem.com.br\/wp-content\/uploads\/2025\/04\/ESPATULA-4CM-300x300.jpg\" alt=\"\" width=\"300\" height=\"300\" \/><\/p>\n<p><strong>Esp\u00e1tula Multiuso de A\u00e7o Carbono Espelhado<br \/>\n4 cm<\/strong><\/p>\n<p><strong>Caracter\u00edsticas T\u00e9cnicas:<\/strong><\/p>\n<ul>\n<li>A\u00e7o carbono espelhado<\/li>\n<li>Cabo pl\u00e1stico profissional<\/li>\n<li>Indicada para limpeza e reformas<\/li>\n<li>Produzida com materiais de alta qualidade<\/li>\n<\/ul>\n<p><strong>Caracter\u00edsticas Gerais:<br \/>\nFabricante: <\/strong>Marca FERTAK TOOLS<br \/>\nModelo 3604<\/p>\n<p>Cor:\u00a0 a\u00e7o espelhado<br \/>\ncabo (amarelo)<br \/>\nTamanho: 4 cm<\/p>\n<p><img loading=\"lazy\" decoding=\"async\" class=\"alignnone size-medium wp-image-3989\" src=\"https:\/\/diretonaferrugem.com.br\/wp-content\/uploads\/2025\/04\/LUVA-TM-G-300x300.jpg\" alt=\"\" width=\"300\" height=\"300\" \/><\/p>\n<p><strong>Luvas de Prote\u00e7\u00e3o Multiuso de L\u00e1tex Light | 1 Par<br \/>\nTamanho \u00danico<\/strong><\/p>\n<p><strong>Caracter\u00edsticas T\u00e9cnicas:<\/strong><\/p>\n<p>Luva de seguran\u00e7a confeccionada em l\u00e1tex natural, forrada internamente com flocos de algod\u00e3o e acabamento antiderrapante na palma, face palmar dos dedos e extremidades dos dedos.<br \/>\nEste modelo de luva \u00e9 adequado para uso em diversos segmentos, como:<br \/>\n&#8211; Constru\u00e7\u00e3o civil e pinturas;<br \/>\n&#8211; Limpeza dom\u00e9stica;<\/p>\n<p>&#8211; Atividades hospitalares;<\/p>\n<p>&#8211; Ind\u00fastria automotiva;<\/p>\n<p>&#8211; Manuseio de produtos agr\u00edcolas;<\/p>\n<p>&#8211; Servi\u00e7os gerais, entre outros.<\/p>\n<p><strong>Caracter\u00edsticas Gerais:<br \/>\nFabricante: <\/strong>Kalipso<br \/>\nModelo 38.090<br \/>\nCor: amarelo<br \/>\nTamanhos: M (tamanho \u00fanico)<\/p>\n","protected":false},"excerpt":{"rendered":"<p>CONTE\u00daDO Pincel Trincha 25,4mm | 1\u2019\u2019 &#8211; Marca Roma Caracter\u00edsticas T\u00e9cnicas: Trinchas m\u00e9dias com cerdas sint\u00e9ticas selecionadas. Cabo pl\u00e1stico. Fabricada pelo sistema monobloco. Indicada para aplica\u00e7\u00e3o de tintas e vernizes. Caracter\u00edsticas Gerais: Fabricante: Marca Pinc\u00e9is Roma Modelo 303 2 Cor: Laranja Tamanho:\u00a0 1\u201d &#8211; 25,4mm &nbsp; Pincel Trincha 50,8mm | 2\u2019\u2019 &#8211; Marca Roma Caracter\u00edsticas T\u00e9cnicas: Trinchas m\u00e9dias com cerdas sint\u00e9ticas selecionadas. Cabo pl\u00e1stico. Fabricada pelo sistema monobloco. Indicada para aplica\u00e7\u00e3o de tintas e vernizes. Caracter\u00edsticas Gerais: Fabricante: Marca Pinc\u00e9is Roma Modelo 303 4 Cor: Laranja Tamanho:\u00a0 2\u201d &#8211; 50,8mm &nbsp; Bandeja para Pintura cor Preta | 1,3 L | para Rolos de 15 cm Descri\u00e7\u00e3o: \u00c9 um produto pl\u00e1stico preto que possui capacidade 1,3 litros \u00e9 produto pr\u00e1tico para organiza\u00e7\u00e3o no acabamento da obra e reforma, ideal para uso com pinc\u00e9is de 1\/2 a 3 e mini rolos de 5, 9, 10 e 15cm. Produto leve, resistente, de f\u00e1cil manuseio e facilitar\u00e1 o processo de pintura. Especifica\u00e7\u00f5es: &#8211; Marca: Akrosul &#8211; Ref.: 1515 &#8211; Capacidade: 1,3 litros &#8211; Medidas aproximadas: 25 cm x 19 cm x 5 cm Rolo De Espuma Poli\u00e9ster\u00a0 para Pintura | 9cm &#8211; Tintas Caracter\u00edsticas T\u00e9cnicas: Rolos de espuma 100% poli\u00e9ster Cabo pl\u00e1stico. Densidade 30 (kg\/m\u00b3) Indicada para aplica\u00e7\u00e3o de tintas e vernizes. Excelente absor\u00e7\u00e3o de tinta Caracter\u00edsticas Gerais: Fabricante: Marca Roma Modelo 430 09 Cor: vermelho (cabo) cinza (espuma) Tamanho: 9 cm &nbsp; Rolo De Espuma Poli\u00e9ster\u00a0 para Pintura | 15cm &#8211; Tintas Caracter\u00edsticas T\u00e9cnicas: Rolos de espuma 100% poli\u00e9ster Cabo pl\u00e1stico Densidade 30 (kg\/m\u00b3) Indicada para aplica\u00e7\u00e3o de tintas e vernizes Excelente absor\u00e7\u00e3o da tinta Caracter\u00edsticas Gerais: Fabricante: Marca Roma Modelo 430 15 Cor: vermelho (cabo) cinza (espuma) Tamanho: 15 cm &nbsp; Esp\u00e1tula Multiuso de A\u00e7o Carbono Espelhado 4 cm Caracter\u00edsticas T\u00e9cnicas: A\u00e7o carbono espelhado Cabo pl\u00e1stico profissional Indicada para limpeza e reformas Produzida com materiais de alta qualidade Caracter\u00edsticas Gerais: Fabricante: Marca FERTAK TOOLS Modelo 3604 Cor:\u00a0 a\u00e7o espelhado cabo (amarelo) Tamanho: 4 cm Luvas de Prote\u00e7\u00e3o Multiuso de L\u00e1tex Light | 1 Par Tamanho \u00danico Caracter\u00edsticas T\u00e9cnicas: Luva de seguran\u00e7a confeccionada em l\u00e1tex natural, forrada internamente com flocos de algod\u00e3o e acabamento antiderrapante na palma, face palmar dos dedos e extremidades dos dedos. Este modelo de luva \u00e9 adequado para uso em diversos segmentos, como: &#8211; Constru\u00e7\u00e3o civil e pinturas; &#8211; Limpeza dom\u00e9stica; &#8211; Atividades hospitalares; &#8211; Ind\u00fastria automotiva; &#8211; Manuseio de produtos agr\u00edcolas; &#8211; Servi\u00e7os gerais, entre outros. Caracter\u00edsticas Gerais: Fabricante: Kalipso Modelo 38.090 Cor: amarelo Tamanhos: M (tamanho \u00fanico)<\/p>\n","protected":false},"featured_media":2370,"comment_status":"open","ping_status":"closed","template":"","meta":{"_joinchat":[]},"product_brand":[],"product_cat":[160],"product_tag":[],"class_list":{"0":"post-2340","1":"product","2":"type-product","3":"status-publish","4":"has-post-thumbnail","6":"product_cat-equipamentos","8":"first","9":"instock","10":"shipping-taxable","11":"purchasable","12":"product-type-simple"},"_links":{"self":[{"href":"https:\/\/diretonaferrugem.com.br\/loja\/wp-json\/wp\/v2\/product\/2340","targetHints":{"allow":["GET"]}}],"collection":[{"href":"https:\/\/diretonaferrugem.com.br\/loja\/wp-json\/wp\/v2\/product"}],"about":[{"href":"https:\/\/diretonaferrugem.com.br\/loja\/wp-json\/wp\/v2\/types\/product"}],"replies":[{"embeddable":true,"href":"https:\/\/diretonaferrugem.com.br\/loja\/wp-json\/wp\/v2\/comments?post=2340"}],"wp:featuredmedia":[{"embeddable":true,"href":"https:\/\/diretonaferrugem.com.br\/loja\/wp-json\/wp\/v2\/media\/2370"}],"wp:attachment":[{"href":"https:\/\/diretonaferrugem.com.br\/loja\/wp-json\/wp\/v2\/media?parent=2340"}],"wp:term":[{"taxonomy":"product_brand","embeddable":true,"href":"https:\/\/diretonaferrugem.com.br\/loja\/wp-json\/wp\/v2\/product_brand?post=2340"},{"taxonomy":"product_cat","embeddable":true,"href":"https:\/\/diretonaferrugem.com.br\/loja\/wp-json\/wp\/v2\/product_cat?post=2340"},{"taxonomy":"product_tag","embeddable":true,"href":"https:\/\/diretonaferrugem.com.br\/loja\/wp-json\/wp\/v2\/product_tag?post=2340"}],"curies":[{"name":"wp","href":"https:\/\/api.w.org\/{rel}","templated":true}]}}