{"id":2355,"date":"2025-05-17T11:24:52","date_gmt":"2025-05-17T11:24:52","guid":{"rendered":"https:\/\/diretonaferrugem.com.br\/loja\/?post_type=product&#038;p=2355"},"modified":"2025-05-29T01:15:30","modified_gmt":"2025-05-29T01:15:30","slug":"direto-na-ferrugem-branco-fosco-900-ml","status":"publish","type":"product","link":"https:\/\/diretonaferrugem.com.br\/loja\/produto\/direto-na-ferrugem-branco-fosco-900-ml\/","title":{"rendered":"Direto na Ferrugem Branco Fosco 900 ml"},"content":{"rendered":"<p><span style=\"font-weight: 400;\">O <strong>Esmalte Sint\u00e9tico Direto na Ferrugem<\/strong> \u00e9 um esmalte fundo e acabamento, que dispensa a aplica\u00e7\u00e3o pr\u00e9via de fundo anticorrosivo, permitindo a aplica\u00e7\u00e3o do esmalte diretamente sobre <strong>superf\u00edcies ferrosas, nuas, isentas de ferrugem ou j\u00e1 enferrujadas, <\/strong><\/span><strong>alum\u00ednios, galvanizados, madeira e alguns pl\u00e1sticos.<\/strong><\/p>\n<p><span style=\"font-weight: 400;\">Sua nova f\u00f3rmula <strong>\u201cDupla Tecnologia\u201d<\/strong> \u00e9 dotada de <strong>Alta Repel\u00eancia \u00e0 \u00c1gua e A\u00e7\u00e3o Anticorrosiva<\/strong>, interrompendo e prevenindo o processo de corros\u00e3o e desenvolvimento da ferrugem.<\/span><\/p>\n<p><span style=\"color: #000000;\"><strong>F\u00e1cil de aplicar, oferece elevado padr\u00e3o de acabamento e cobertura, al\u00e9m de secagem r\u00e1pida.<\/strong><\/span><\/p>\n<p><span style=\"font-weight: 400;\">10 anos de durabilidade.<\/span><\/p>\n<p><span style=\"font-weight: 400;\">Dispon\u00edvel em cores lisas e met\u00e1licas.<\/span><\/p>\n<p><span style=\"font-weight: 400;\">Observa\u00e7\u00e3o: Sugerimos que nas cores Metalizadas ap\u00f3s 30 a 40 minutos de cura, seja aplicado o VERNIZ PU 1500 ou 2500 para obten\u00e7\u00e3o de um perfeito brilho e maior durabilidade na pintura.<\/span><\/p>\n<p><strong>PRINCIPAIS CARACTER\u00cdSTICAS<\/strong><\/p>\n<ul>\n<li><span style=\"font-weight: 400;\"> Interior e Exterior;<\/span><\/li>\n<\/ul>\n<ul>\n<li><span style=\"font-weight: 400;\"> Alta Repel\u00eancia a \u00e1gua e A\u00e7\u00e3o Anticorrosiva;<\/span><\/li>\n<\/ul>\n<ul>\n<li><span style=\"font-weight: 400;\"> Elevado padr\u00e3o de cobertura;<\/span><\/li>\n<\/ul>\n<ul>\n<li><span style=\"font-weight: 400;\"> Interrompe e previne o processo de corros\u00e3o e desenvolvimento da ferrugem;<\/span><\/li>\n<\/ul>\n<ul>\n<li><span style=\"font-weight: 400;\"> 10 anos de durabilidade;<\/span><\/li>\n<\/ul>\n<ul>\n<li><span style=\"font-weight: 400;\"> Cores Lisas e Met\u00e1licas;<\/span><\/li>\n<\/ul>\n<ul>\n<li><span style=\"font-weight: 400;\"> Secagem R\u00e1pida;<\/span><\/li>\n<\/ul>\n<ul>\n<li><span style=\"font-weight: 400;\"> Hidrorrepelente.<\/span><\/li>\n<\/ul>\n<p><strong>EMBALAGEM E RENDIMENTO<\/strong><\/p>\n<ul>\n<li><span style=\"font-weight: 400;\"> Lata 900ml at\u00e9 9m\u00b2 (por dem\u00e3o);<\/span><\/li>\n<\/ul>\n<ul>\n<li><span style=\"font-weight: 400;\"> Gal\u00e3o 3,6 Litros at\u00e9 36m\u00b2 (por dem\u00e3o).<\/span><\/li>\n<\/ul>\n<p><strong>SECAGEM<\/strong><\/p>\n<p><span style=\"font-weight: 400;\">Ao toque 1 Hora<\/span><\/p>\n<p><span style=\"font-weight: 400;\">Entre dem\u00e3os 4 e 6 Horas<\/span><\/p>\n<p><span style=\"font-weight: 400;\">Final 72 Horas<\/span><\/p>\n<p><strong>DILUI\u00c7\u00c3O<\/strong><\/p>\n<ul>\n<li><span style=\"font-weight: 400;\"> Para aplica\u00e7\u00e3o com pincel ou trincha pronto para uso.<\/span><\/li>\n<\/ul>\n<ul>\n<li><span style=\"font-weight: 400;\"> Rolo de l\u00e3 ou espuma dilua de 5 a 10%.<\/span><\/li>\n<\/ul>\n<ul>\n<li><span style=\"font-weight: 400;\"> Para aplica\u00e7\u00e3o com pistola (Spray) dilua de 15 a 20%. Diluir com Thinner SM 800<\/span><\/li>\n<\/ul>\n<ul>\n<li><span style=\"font-weight: 400;\"> Ferramentas para aplica\u00e7\u00e3o: Rolo de l\u00e3 de pelo baixo, Trincha, Pincel ou Pistola (press\u00e3o de 30 a 40 lb\/pol2).<\/span><\/li>\n<\/ul>\n<p><span style=\"font-weight: 400;\">Ap\u00f3s o uso limpe as ferramentas com Thinner SM 116.<\/span><\/p>\n<ul>\n<li><span style=\"font-weight: 400;\"> Prepara\u00e7\u00e3o da Superf\u00edcie:<\/span><\/li>\n<\/ul>\n<p><span style=\"font-weight: 400;\">Lixar a \u00e1rea danificada, eliminando todas as partes soltas. Eliminar contaminantes oleosos, p\u00f3 ou outras impurezas com solu\u00e7\u00e3o desengraxante. Caso necess\u00e1rio corrigir os defeitos de nivelamento com Adesivo Poli\u00e9ster, em camadas cruzadas e finas. Lixar ap\u00f3s secagem completa.<\/span><\/p>\n","protected":false},"excerpt":{"rendered":"<ul>\n<li><span style=\"color: #00ff00;\"><strong>10% OFF<\/strong><\/span><\/li>\n<li><strong>em 3x R$ 24,00 sem juros<\/strong><\/li>\n<li><strong><strong>COMPRAR AGORA<br \/>\n<\/strong><\/strong><\/li>\n<\/ul>\n<p>&nbsp;<\/p>\n","protected":false},"featured_media":2372,"comment_status":"open","ping_status":"closed","template":"","meta":{"_joinchat":[]},"product_brand":[],"product_cat":[74],"product_tag":[],"class_list":{"0":"post-2355","1":"product","2":"type-product","3":"status-publish","4":"has-post-thumbnail","6":"product_cat-900-ml","8":"first","9":"instock","10":"sale","11":"shipping-taxable","12":"purchasable","13":"product-type-simple"},"_links":{"self":[{"href":"https:\/\/diretonaferrugem.com.br\/loja\/wp-json\/wp\/v2\/product\/2355","targetHints":{"allow":["GET"]}}],"collection":[{"href":"https:\/\/diretonaferrugem.com.br\/loja\/wp-json\/wp\/v2\/product"}],"about":[{"href":"https:\/\/diretonaferrugem.com.br\/loja\/wp-json\/wp\/v2\/types\/product"}],"replies":[{"embeddable":true,"href":"https:\/\/diretonaferrugem.com.br\/loja\/wp-json\/wp\/v2\/comments?post=2355"}],"wp:featuredmedia":[{"embeddable":true,"href":"https:\/\/diretonaferrugem.com.br\/loja\/wp-json\/wp\/v2\/media\/2372"}],"wp:attachment":[{"href":"https:\/\/diretonaferrugem.com.br\/loja\/wp-json\/wp\/v2\/media?parent=2355"}],"wp:term":[{"taxonomy":"product_brand","embeddable":true,"href":"https:\/\/diretonaferrugem.com.br\/loja\/wp-json\/wp\/v2\/product_brand?post=2355"},{"taxonomy":"product_cat","embeddable":true,"href":"https:\/\/diretonaferrugem.com.br\/loja\/wp-json\/wp\/v2\/product_cat?post=2355"},{"taxonomy":"product_tag","embeddable":true,"href":"https:\/\/diretonaferrugem.com.br\/loja\/wp-json\/wp\/v2\/product_tag?post=2355"}],"curies":[{"name":"wp","href":"https:\/\/api.w.org\/{rel}","templated":true}]}}