{"id":3097,"date":"2025-05-23T17:50:40","date_gmt":"2025-05-23T17:50:40","guid":{"rendered":"https:\/\/diretonaferrugem.com.br\/loja\/?post_type=product&#038;p=3097"},"modified":"2025-05-27T14:00:52","modified_gmt":"2025-05-27T14:00:52","slug":"spray-multiuso-direto-na-ferrugem-400ml-grafite","status":"publish","type":"product","link":"https:\/\/diretonaferrugem.com.br\/loja\/produto\/spray-multiuso-direto-na-ferrugem-400ml-grafite\/","title":{"rendered":"SPRAY MULTIUSO DIRETO NA FERRUGEM | 400ml | GRAFITE"},"content":{"rendered":"<p>SPRAY ESMALTE DIRETO NA FERRUGEM (TODAS AS CORES)<\/p>\n<p>Aplica\u00e7\u00e3o em metais &#8211; alum\u00ednios &#8211; galvanizados<\/p>\n<p>Tinta Esmalte Sint\u00e9tico interno e exterior de dupla fun\u00e7\u00e3o: dispensa uso do fundo anticorrosivo e serve como acabamento, sua a\u00e7\u00e3o anticorrosiva,permite sua aplica\u00e7\u00e3o em superf\u00edcie ferrosa isenta de ferrugem ou j\u00e1 enferrujadas.<\/p>\n<p>Disponivel em cores lisas e met\u00e1licos.<\/p>\n<p>Suas cores met\u00e1licas possuem tecnologia com particulas micronizados de aluminio para obter um melhor efeito met\u00e1lico, alem de enorme prote\u00e7\u00e3o contra interperes , possui alta repel\u00eancia a \u00e1gua.<\/p>\n<p>Indica\u00e7\u00e3o: Metais Ferrosos e n\u00e3o Ferrosos. Composi\u00e7\u00e3o Qu\u00edmica: Resina Alquidicas, solventes alif\u00e1ticos e arom\u00e1ticos, pigmentos org\u00e2nicos, inorg\u00e2nicos, met\u00e1licos, cargas minerais e aditivos, g\u00e1s natural(propano e butano). Prepara\u00e7\u00e3o da Superf\u00edcie: Qualquer superf\u00edcie a ser pintada deve estar livre de graxa, \u00f3leo e p\u00f3, ferrugem que estiverem se soltando da superf\u00edcie, devem ser raspadas para aplica\u00e7\u00e3o do produto. Obs: Em superf\u00edcie de madeira fazer um pequeno teste antes de aplicar para verificar secagem e resist\u00eancia, pois ambos poder\u00e3o ser alternado.<\/p>\n<p>Aplica\u00e7\u00e3o: Agite bem a lata antes de usar, fa\u00e7a um pequeno teste do aplicador, precionando a v\u00e1lvula algumas vezes em qualquer superf\u00edcie, verificando o formato do jato. Pulverize uma dist\u00e2ncia de 25 cm do local, utilizando \u2013 se de movimentos uniformes cobrindo a \u00e1rea desejada. N\u00e3o aplicar em temperatura abaixo de 18\u00b0C ou com temperatura muito \u00famido, usar os equipamento de seguran\u00e7a , mascara para vapores org\u00e2nicos e in\u00f4rganicos, luvas de PVC e \u00f3culos de seguran\u00e7a.<\/p>\n<p>Caracteristica: Cor: Lisa, Met\u00e1lica e Fosca conforme cat\u00e1logo.<\/p>\n<p>Secagem a 25\u00b0C: 30 Minutos ao toque 4 horas para manuseio 24 horas secagem final Densidade: 1,00 a 1,200 gm\u00b3 Ponto de Fulgor: Menos que 30\u00b0C (Negativo) Aplica\u00e7\u00e3o: de 2 a 3 dem\u00e3o Rendimento aproximado: 1,00 m\u00b2 a 12 m\u00b2 o rendimento e o desempenho do produto dependem das condi\u00e7\u00f5es de prepara\u00e7\u00e3o da superf\u00edcie umidade relativa do ar, temperatura condi\u00e7\u00f5es clim\u00e1ticas, locais e conhecimento pr\u00e1tico de aplicador<\/p>\n<p>Embalagem Spray 250g\/400ml<\/p>\n<p>Qualidade e garantia: Este produto est\u00e1 classificado conforme norma ABNT (Associa\u00e7\u00e3o Brasileira de Normas T\u00e9cnicas) NBR 11.702:2010 Tipo 4.3.1.1 Este produto atende aos requisitos da Norma NBR 16.211 Validade 36 meses. Manuseio e Armazenamento Deve ser mantido \u00e0 temperatura ambiente (25\u00baC) ou menor para que n\u00e3o ocorra altera\u00e7\u00f5es em suas caracter\u00edsticas iniciais.<\/p>\n<p>&nbsp;<\/p>\n","protected":false},"excerpt":{"rendered":"<p>SPRAY ESMALTE DIRETO NA FERRUGEM (TODAS AS CORES) Aplica\u00e7\u00e3o em metais &#8211; alum\u00ednios &#8211; galvanizados Tinta Esmalte Sint\u00e9tico interno e exterior de dupla fun\u00e7\u00e3o: dispensa uso do fundo anticorrosivo e serve como acabamento, sua a\u00e7\u00e3o anticorrosiva,permite sua aplica\u00e7\u00e3o em superf\u00edcie ferrosa isenta de ferrugem ou j\u00e1 enferrujadas. Disponivel em cores lisas e met\u00e1licos. Suas cores met\u00e1licas possuem tecnologia com particulas micronizados de aluminio para obter um melhor efeito met\u00e1lico, alem de enorme prote\u00e7\u00e3o contra interperes , possui alta repel\u00eancia a \u00e1gua. Indica\u00e7\u00e3o: Metais Ferrosos e n\u00e3o Ferrosos. Composi\u00e7\u00e3o Qu\u00edmica: Resina Alquidicas, solventes alif\u00e1ticos e arom\u00e1ticos, pigmentos org\u00e2nicos, inorg\u00e2nicos, met\u00e1licos, cargas minerais e aditivos, g\u00e1s natural(propano e butano). Prepara\u00e7\u00e3o da Superf\u00edcie: Qualquer superf\u00edcie a ser pintada deve estar livre de graxa, \u00f3leo e p\u00f3, ferrugem que estiverem se soltando da superf\u00edcie, devem ser raspadas para aplica\u00e7\u00e3o do produto. Obs: Em superf\u00edcie de madeira fazer um pequeno teste antes de aplicar para verificar secagem e resist\u00eancia, pois ambos poder\u00e3o ser alternado. Aplica\u00e7\u00e3o: Agite bem a lata antes de usar, fa\u00e7a um pequeno teste do aplicador, precionando a v\u00e1lvula algumas vezes em qualquer superf\u00edcie, verificando o formato do jato. Pulverize uma dist\u00e2ncia de 25 cm do local, utilizando \u2013 se de movimentos uniformes cobrindo a \u00e1rea desejada. N\u00e3o aplicar em temperatura abaixo de 18\u00b0C ou com temperatura muito \u00famido, usar os equipamento de seguran\u00e7a , mascara para vapores org\u00e2nicos e in\u00f4rganicos, luvas de PVC e \u00f3culos de seguran\u00e7a. Caracteristica: Cor: Lisa, Met\u00e1lica e Fosca conforme cat\u00e1logo. Secagem a 25\u00b0C: 30 Minutos ao toque 4 horas para manuseio 24 horas secagem final Densidade: 1,00 a 1,200 gm\u00b3 Ponto de Fulgor: Menos que 30\u00b0C (Negativo) Aplica\u00e7\u00e3o: de 2 a 3 dem\u00e3o Rendimento aproximado: 1,00 m\u00b2 a 12 m\u00b2 o rendimento e o desempenho do produto dependem das condi\u00e7\u00f5es de prepara\u00e7\u00e3o da superf\u00edcie umidade relativa do ar, temperatura condi\u00e7\u00f5es clim\u00e1ticas, locais e conhecimento pr\u00e1tico de aplicador Embalagem Spray 250g\/400ml Qualidade e garantia: Este produto est\u00e1 classificado conforme norma ABNT (Associa\u00e7\u00e3o Brasileira de Normas T\u00e9cnicas) NBR 11.702:2010 Tipo 4.3.1.1 Este produto atende aos requisitos da Norma NBR 16.211 Validade 36 meses. Manuseio e Armazenamento Deve ser mantido \u00e0 temperatura ambiente (25\u00baC) ou menor para que n\u00e3o ocorra altera\u00e7\u00f5es em suas caracter\u00edsticas iniciais. &nbsp;<\/p>\n","protected":false},"featured_media":3098,"comment_status":"open","ping_status":"closed","template":"","meta":{"_joinchat":[]},"product_brand":[],"product_cat":[121],"product_tag":[],"class_list":{"0":"post-3097","1":"product","2":"type-product","3":"status-publish","4":"has-post-thumbnail","6":"product_cat-spray","8":"first","9":"instock","10":"shipping-taxable","11":"purchasable","12":"product-type-simple"},"_links":{"self":[{"href":"https:\/\/diretonaferrugem.com.br\/loja\/wp-json\/wp\/v2\/product\/3097","targetHints":{"allow":["GET"]}}],"collection":[{"href":"https:\/\/diretonaferrugem.com.br\/loja\/wp-json\/wp\/v2\/product"}],"about":[{"href":"https:\/\/diretonaferrugem.com.br\/loja\/wp-json\/wp\/v2\/types\/product"}],"replies":[{"embeddable":true,"href":"https:\/\/diretonaferrugem.com.br\/loja\/wp-json\/wp\/v2\/comments?post=3097"}],"wp:featuredmedia":[{"embeddable":true,"href":"https:\/\/diretonaferrugem.com.br\/loja\/wp-json\/wp\/v2\/media\/3098"}],"wp:attachment":[{"href":"https:\/\/diretonaferrugem.com.br\/loja\/wp-json\/wp\/v2\/media?parent=3097"}],"wp:term":[{"taxonomy":"product_brand","embeddable":true,"href":"https:\/\/diretonaferrugem.com.br\/loja\/wp-json\/wp\/v2\/product_brand?post=3097"},{"taxonomy":"product_cat","embeddable":true,"href":"https:\/\/diretonaferrugem.com.br\/loja\/wp-json\/wp\/v2\/product_cat?post=3097"},{"taxonomy":"product_tag","embeddable":true,"href":"https:\/\/diretonaferrugem.com.br\/loja\/wp-json\/wp\/v2\/product_tag?post=3097"}],"curies":[{"name":"wp","href":"https:\/\/api.w.org\/{rel}","templated":true}]}}